{"id":89,"date":"2017-10-17T14:28:25","date_gmt":"2017-10-17T12:28:25","guid":{"rendered":"http:\/\/fotbal.visnove.cz\/?page_id=89"},"modified":"2017-11-02T09:15:01","modified_gmt":"2017-11-02T08:15:01","slug":"klub","status":"publish","type":"page","link":"http:\/\/fotbal.visnove.cz\/index.php\/klub\/","title":{"rendered":"Klub"},"content":{"rendered":"<p><strong>Ofici\u00e1ln\u00ed n\u00e1zev: TJ Vi\u0161\u0148ov\u00e9, z.s.<\/strong><\/p>\n<p><strong>\u010d\u00edslo klubu: 6270591<\/strong><\/p>\n<p><strong>adresa: Vi\u0161\u0148ov\u00e9 236, 671038, Vi\u0161\u0148ov\u00e9 u Znojma<\/strong><\/p>\n<p><strong>organiza\u010dn\u00ed jednotka: Znojmo<\/strong><\/p>\n<p><strong>telefon: 606764780<\/strong><\/p>\n<p><strong>email: tjfotbalvisnove@seznam.cz<\/strong><\/p>\n<p><strong>\u010d\u00edslo \u00fa\u010dtu: 1582788399\/0800\u00a0<\/strong><\/p>\n<p><strong>I\u010c: 44026820<\/strong><\/p>\n<p><strong>organiza\u010dn\u00ed pracovn\u00edk: Jel\u00ednek Tom\u00e1\u0161<\/strong><\/p>\n","protected":false},"excerpt":{"rendered":"<p>Ofici\u00e1ln\u00ed n\u00e1zev: TJ Vi\u0161\u0148ov\u00e9, z.s. \u010d\u00edslo klubu: 6270591 adresa: Vi\u0161\u0148ov\u00e9 236, 671038, Vi\u0161\u0148ov\u00e9 u Znojma organiza\u010dn\u00ed jednotka: Znojmo telefon: 606764780 email: tjfotbalvisnove@seznam.cz \u010d\u00edslo \u00fa\u010dtu: 1582788399\/0800\u00a0 I\u010c: 44026820 organiza\u010dn\u00ed pracovn\u00edk: Jel\u00ednek Tom\u00e1\u0161<\/p>\n","protected":false},"author":1,"featured_media":0,"parent":0,"menu_order":0,"comment_status":"closed","ping_status":"closed","template":"","meta":[],"_links":{"self":[{"href":"http:\/\/fotbal.visnove.cz\/index.php\/wp-json\/wp\/v2\/pages\/89"}],"collection":[{"href":"http:\/\/fotbal.visnove.cz\/index.php\/wp-json\/wp\/v2\/pages"}],"about":[{"href":"http:\/\/fotbal.visnove.cz\/index.php\/wp-json\/wp\/v2\/types\/page"}],"author":[{"embeddable":true,"href":"http:\/\/fotbal.visnove.cz\/index.php\/wp-json\/wp\/v2\/users\/1"}],"replies":[{"embeddable":true,"href":"http:\/\/fotbal.visnove.cz\/index.php\/wp-json\/wp\/v2\/comments?post=89"}],"version-history":[{"count":6,"href":"http:\/\/fotbal.visnove.cz\/index.php\/wp-json\/wp\/v2\/pages\/89\/revisions"}],"predecessor-version":[{"id":321,"href":"http:\/\/fotbal.visnove.cz\/index.php\/wp-json\/wp\/v2\/pages\/89\/revisions\/321"}],"wp:attachment":[{"href":"http:\/\/fotbal.visnove.cz\/index.php\/wp-json\/wp\/v2\/media?parent=89"}],"curies":[{"name":"wp","href":"https:\/\/api.w.org\/{rel}","templated":true}]}}