{"id":123,"date":"2017-10-17T14:35:14","date_gmt":"2017-10-17T12:35:14","guid":{"rendered":"http:\/\/fotbal.visnove.cz\/?page_id=123"},"modified":"2018-04-13T09:35:00","modified_gmt":"2018-04-13T07:35:00","slug":"sponzori","status":"publish","type":"page","link":"http:\/\/fotbal.visnove.cz\/index.php\/sponzori\/","title":{"rendered":"SPONZO\u0158I"},"content":{"rendered":"<p><span style=\"color: #ff0000;\"><strong>D\u011bkujeme v\u0161em sponzor\u016fm:<\/strong><\/span><\/p>\n<p><strong>M\u011bstys Vi\u0161\u0148ov\u00e9<\/strong><\/p>\n<p><strong>AGROSERVIS, 1. zem\u011bd\u011blsk\u00e1 a.s. Vi\u0161\u0148ov\u00e9<\/strong><\/p>\n","protected":false},"excerpt":{"rendered":"<p>D\u011bkujeme v\u0161em sponzor\u016fm: M\u011bstys Vi\u0161\u0148ov\u00e9 AGROSERVIS, 1. zem\u011bd\u011blsk\u00e1 a.s. Vi\u0161\u0148ov\u00e9<\/p>\n","protected":false},"author":1,"featured_media":0,"parent":0,"menu_order":0,"comment_status":"closed","ping_status":"closed","template":"","meta":[],"_links":{"self":[{"href":"http:\/\/fotbal.visnove.cz\/index.php\/wp-json\/wp\/v2\/pages\/123"}],"collection":[{"href":"http:\/\/fotbal.visnove.cz\/index.php\/wp-json\/wp\/v2\/pages"}],"about":[{"href":"http:\/\/fotbal.visnove.cz\/index.php\/wp-json\/wp\/v2\/types\/page"}],"author":[{"embeddable":true,"href":"http:\/\/fotbal.visnove.cz\/index.php\/wp-json\/wp\/v2\/users\/1"}],"replies":[{"embeddable":true,"href":"http:\/\/fotbal.visnove.cz\/index.php\/wp-json\/wp\/v2\/comments?post=123"}],"version-history":[{"count":5,"href":"http:\/\/fotbal.visnove.cz\/index.php\/wp-json\/wp\/v2\/pages\/123\/revisions"}],"predecessor-version":[{"id":513,"href":"http:\/\/fotbal.visnove.cz\/index.php\/wp-json\/wp\/v2\/pages\/123\/revisions\/513"}],"wp:attachment":[{"href":"http:\/\/fotbal.visnove.cz\/index.php\/wp-json\/wp\/v2\/media?parent=123"}],"curies":[{"name":"wp","href":"https:\/\/api.w.org\/{rel}","templated":true}]}}