{"id":121,"date":"2017-10-17T14:35:06","date_gmt":"2017-10-17T12:35:06","guid":{"rendered":"http:\/\/fotbal.visnove.cz\/?page_id=121"},"modified":"2018-08-28T12:36:34","modified_gmt":"2018-08-28T10:36:34","slug":"ke-stazeni","status":"publish","type":"page","link":"http:\/\/fotbal.visnove.cz\/index.php\/ke-stazeni\/","title":{"rendered":"KE STA\u017dEN\u00cd"},"content":{"rendered":"<p><strong>Formul\u00e1\u0159 k nahl\u00e1\u0161en\u00ed \u00farazu na poji\u0161\u0165ovnu najdete zde:<\/strong><\/p>\n<p><span style=\"color: #993366;\"><strong><a style=\"color: #993366;\" href=\"https:\/\/www.cuscz.cz\/sluzby-servis\/pojisteni\/urazove-pojisteni-clenu.html\">https:\/\/www.cuscz.cz\/sluzby-servis\/pojisteni\/urazove-pojisteni-clenu.html<\/a><\/strong><\/span><\/p>\n","protected":false},"excerpt":{"rendered":"<p>Formul\u00e1\u0159 k nahl\u00e1\u0161en\u00ed \u00farazu na poji\u0161\u0165ovnu najdete zde: https:\/\/www.cuscz.cz\/sluzby-servis\/pojisteni\/urazove-pojisteni-clenu.html<\/p>\n","protected":false},"author":1,"featured_media":0,"parent":0,"menu_order":0,"comment_status":"closed","ping_status":"closed","template":"","meta":[],"_links":{"self":[{"href":"http:\/\/fotbal.visnove.cz\/index.php\/wp-json\/wp\/v2\/pages\/121"}],"collection":[{"href":"http:\/\/fotbal.visnove.cz\/index.php\/wp-json\/wp\/v2\/pages"}],"about":[{"href":"http:\/\/fotbal.visnove.cz\/index.php\/wp-json\/wp\/v2\/types\/page"}],"author":[{"embeddable":true,"href":"http:\/\/fotbal.visnove.cz\/index.php\/wp-json\/wp\/v2\/users\/1"}],"replies":[{"embeddable":true,"href":"http:\/\/fotbal.visnove.cz\/index.php\/wp-json\/wp\/v2\/comments?post=121"}],"version-history":[{"count":2,"href":"http:\/\/fotbal.visnove.cz\/index.php\/wp-json\/wp\/v2\/pages\/121\/revisions"}],"predecessor-version":[{"id":691,"href":"http:\/\/fotbal.visnove.cz\/index.php\/wp-json\/wp\/v2\/pages\/121\/revisions\/691"}],"wp:attachment":[{"href":"http:\/\/fotbal.visnove.cz\/index.php\/wp-json\/wp\/v2\/media?parent=121"}],"curies":[{"name":"wp","href":"https:\/\/api.w.org\/{rel}","templated":true}]}}