{"id":111,"date":"2017-10-17T14:34:18","date_gmt":"2017-10-17T12:34:18","guid":{"rendered":"http:\/\/fotbal.visnove.cz\/?page_id=111"},"modified":"2022-08-21T18:34:37","modified_gmt":"2022-08-21T16:34:37","slug":"muzi-b","status":"publish","type":"page","link":"http:\/\/fotbal.visnove.cz\/index.php\/muzi-b\/","title":{"rendered":"MU\u017dI B"},"content":{"rendered":"<p>Tren\u00e9r: Tom\u00e1\u0161 Jel\u00ednek<\/p>\n<p><strong>Aktu\u00e1ln\u00ed v\u00fdsledky a tabulku najdete zde:<\/strong><\/p>\n<p><strong><a href=\"https:\/\/is.fotbal.cz\/souteze\/detail-souteze.aspx?req=85077435-570c-4b26-abf3-4bb75bdd4aad\">https:\/\/is.fotbal.cz\/souteze\/detail-souteze.aspx?req=85077435-570c-4b26-abf3-4bb75bdd4aad<\/a><\/strong><\/p>\n<p>\u00a0<\/p>\n\n\n<p><\/p>\n","protected":false},"excerpt":{"rendered":"<p>Tren\u00e9r: Tom\u00e1\u0161 Jel\u00ednek Aktu\u00e1ln\u00ed v\u00fdsledky a tabulku najdete zde: https:\/\/is.fotbal.cz\/souteze\/detail-souteze.aspx?req=85077435-570c-4b26-abf3-4bb75bdd4aad \u00a0<\/p>\n","protected":false},"author":1,"featured_media":490,"parent":0,"menu_order":0,"comment_status":"closed","ping_status":"closed","template":"","meta":[],"_links":{"self":[{"href":"http:\/\/fotbal.visnove.cz\/index.php\/wp-json\/wp\/v2\/pages\/111"}],"collection":[{"href":"http:\/\/fotbal.visnove.cz\/index.php\/wp-json\/wp\/v2\/pages"}],"about":[{"href":"http:\/\/fotbal.visnove.cz\/index.php\/wp-json\/wp\/v2\/types\/page"}],"author":[{"embeddable":true,"href":"http:\/\/fotbal.visnove.cz\/index.php\/wp-json\/wp\/v2\/users\/1"}],"replies":[{"embeddable":true,"href":"http:\/\/fotbal.visnove.cz\/index.php\/wp-json\/wp\/v2\/comments?post=111"}],"version-history":[{"count":14,"href":"http:\/\/fotbal.visnove.cz\/index.php\/wp-json\/wp\/v2\/pages\/111\/revisions"}],"predecessor-version":[{"id":1142,"href":"http:\/\/fotbal.visnove.cz\/index.php\/wp-json\/wp\/v2\/pages\/111\/revisions\/1142"}],"wp:featuredmedia":[{"embeddable":true,"href":"http:\/\/fotbal.visnove.cz\/index.php\/wp-json\/wp\/v2\/media\/490"}],"wp:attachment":[{"href":"http:\/\/fotbal.visnove.cz\/index.php\/wp-json\/wp\/v2\/media?parent=111"}],"curies":[{"name":"wp","href":"https:\/\/api.w.org\/{rel}","templated":true}]}}