{"id":109,"date":"2017-10-17T14:34:09","date_gmt":"2017-10-17T12:34:09","guid":{"rendered":"http:\/\/fotbal.visnove.cz\/?page_id=109"},"modified":"2022-08-21T18:37:58","modified_gmt":"2022-08-21T16:37:58","slug":"muzi-a","status":"publish","type":"page","link":"http:\/\/fotbal.visnove.cz\/index.php\/muzi-a\/","title":{"rendered":"MU\u017dI A"},"content":{"rendered":"<p>tren\u00e9r: <strong>Vlastimil Elis<\/strong><\/p>\n<p><strong><span style=\"color: #000000;\">Aktu\u00e1ln\u00ed v\u00fdsledky a tabulku najdete zde:<\/span><\/strong><\/p>\n<p><strong><a href=\"https:\/\/souteze.fotbal.cz\/turnaje\/zapas\/162fe192-cb92-4564-b179-423f51b7348e\">https:\/\/souteze.fotbal.cz\/turnaje\/zapas\/162fe192-cb92-4564-b179-423f51b7348e<\/a><\/strong><\/p>\n<p>\u00a0<\/p>\n<p>\u00a0<\/p>\n\n\n<p><\/p>\n","protected":false},"excerpt":{"rendered":"<p>tren\u00e9r: Vlastimil Elis Aktu\u00e1ln\u00ed v\u00fdsledky a tabulku najdete zde: https:\/\/souteze.fotbal.cz\/turnaje\/zapas\/162fe192-cb92-4564-b179-423f51b7348e \u00a0 \u00a0<\/p>\n","protected":false},"author":1,"featured_media":1134,"parent":0,"menu_order":0,"comment_status":"closed","ping_status":"closed","template":"","meta":[],"_links":{"self":[{"href":"http:\/\/fotbal.visnove.cz\/index.php\/wp-json\/wp\/v2\/pages\/109"}],"collection":[{"href":"http:\/\/fotbal.visnove.cz\/index.php\/wp-json\/wp\/v2\/pages"}],"about":[{"href":"http:\/\/fotbal.visnove.cz\/index.php\/wp-json\/wp\/v2\/types\/page"}],"author":[{"embeddable":true,"href":"http:\/\/fotbal.visnove.cz\/index.php\/wp-json\/wp\/v2\/users\/1"}],"replies":[{"embeddable":true,"href":"http:\/\/fotbal.visnove.cz\/index.php\/wp-json\/wp\/v2\/comments?post=109"}],"version-history":[{"count":14,"href":"http:\/\/fotbal.visnove.cz\/index.php\/wp-json\/wp\/v2\/pages\/109\/revisions"}],"predecessor-version":[{"id":1144,"href":"http:\/\/fotbal.visnove.cz\/index.php\/wp-json\/wp\/v2\/pages\/109\/revisions\/1144"}],"wp:featuredmedia":[{"embeddable":true,"href":"http:\/\/fotbal.visnove.cz\/index.php\/wp-json\/wp\/v2\/media\/1134"}],"wp:attachment":[{"href":"http:\/\/fotbal.visnove.cz\/index.php\/wp-json\/wp\/v2\/media?parent=109"}],"curies":[{"name":"wp","href":"https:\/\/api.w.org\/{rel}","templated":true}]}}